{"id":71,"date":"2018-07-12T02:20:02","date_gmt":"2018-07-12T02:20:02","guid":{"rendered":"https:\/\/aceperhead.mx\/?page_id=71"},"modified":"2018-07-17T18:32:45","modified_gmt":"2018-07-17T18:32:45","slug":"como-funciona","status":"publish","type":"page","link":"https:\/\/aceperhead.mx\/?page_id=71","title":{"rendered":"C\u00f3mo funciona?"},"content":{"rendered":"<p>Nuestra compa\u00f1\u00eda brinda toda la plataforma necesaria para facilitar el negocio de tomar apuestas, y los agentes solo pagan por jugador activo por semana. Un jugador activo es aquel que tiene una apuesta acreditada (ya sea ganadora o perdedora) y cada lunes se realiza la deducci\u00f3n por el servicio.<\/p>\n<p>Ofrecemos un servicio prepago lo cual significa que la cuenta de agente con nuestra compa\u00f1\u00eda debe de mantenerse positiva en todo momento ya que las deducciones por concepto de jugador activo se realizar\u00e1n del balance en la cuenta, una vez que la cuenta se encuentre negativa o en cero otro dep\u00f3sito ser\u00e1 requerido para poder mantener la cuenta activa.<\/p>\n","protected":false},"excerpt":{"rendered":"<p>Nuestra compa\u00f1\u00eda brinda toda la plataforma necesaria para facilitar el negocio de tomar apuestas, y los agentes solo pagan por jugador activo por semana. Un jugador activo es aquel que tiene una apuesta acreditada (ya sea ganadora o perdedora) y cada lunes se realiza la deducci\u00f3n por el servicio. Ofrecemos un servicio prepago lo cual [&hellip;]<\/p>\n","protected":false},"author":1,"featured_media":126,"parent":0,"menu_order":0,"comment_status":"closed","ping_status":"closed","template":"","meta":{"_acf_changed":false,"footnotes":""},"class_list":["post-71","page","type-page","status-publish","has-post-thumbnail","hentry"],"acf":[],"amp_enabled":true,"_links":{"self":[{"href":"https:\/\/aceperhead.mx\/index.php?rest_route=\/wp\/v2\/pages\/71","targetHints":{"allow":["GET"]}}],"collection":[{"href":"https:\/\/aceperhead.mx\/index.php?rest_route=\/wp\/v2\/pages"}],"about":[{"href":"https:\/\/aceperhead.mx\/index.php?rest_route=\/wp\/v2\/types\/page"}],"author":[{"embeddable":true,"href":"https:\/\/aceperhead.mx\/index.php?rest_route=\/wp\/v2\/users\/1"}],"replies":[{"embeddable":true,"href":"https:\/\/aceperhead.mx\/index.php?rest_route=%2Fwp%2Fv2%2Fcomments&post=71"}],"version-history":[{"count":1,"href":"https:\/\/aceperhead.mx\/index.php?rest_route=\/wp\/v2\/pages\/71\/revisions"}],"predecessor-version":[{"id":72,"href":"https:\/\/aceperhead.mx\/index.php?rest_route=\/wp\/v2\/pages\/71\/revisions\/72"}],"wp:featuredmedia":[{"embeddable":true,"href":"https:\/\/aceperhead.mx\/index.php?rest_route=\/wp\/v2\/media\/126"}],"wp:attachment":[{"href":"https:\/\/aceperhead.mx\/index.php?rest_route=%2Fwp%2Fv2%2Fmedia&parent=71"}],"curies":[{"name":"wp","href":"https:\/\/api.w.org\/{rel}","templated":true}]}}