{"id":75,"date":"2018-07-12T02:21:30","date_gmt":"2018-07-12T02:21:30","guid":{"rendered":"https:\/\/aceperhead.mx\/?page_id=75"},"modified":"2018-07-17T18:02:07","modified_gmt":"2018-07-17T18:02:07","slug":"caracteristicas-que-nos-hacen-unicos-y-nos-hace-ser-lideres-en-la-industria","status":"publish","type":"page","link":"https:\/\/aceperhead.mx\/?page_id=75","title":{"rendered":"Caracter\u00edsticas que nos hacen \u00fanicos y nos hace ser l\u00edderes en la industria"},"content":{"rendered":"<p>Caracter\u00edsticas designadas para crecer su paquete de clientes:<\/p>\n<p>Nos aseguramos de ofrecer todas las caracter\u00edsticas necesarias para atraer jugadores y mantenerlos entusiasmados y sigan apostando, sumado a nuestro sistema de rastreo de uso en nuestra base de datos ayudar\u00e1 a mantener siempre un sistema fluido, por ejemplo<\/p>\n<p>si un domingo si nuestro rastreador indica que la mayor cantidad de uso viene de dispositivos m\u00f3viles (tablets o computadoras) nos aseguramos que los servidores encargados de sostener estos dispositivos tengas m\u00e1s espacio para as\u00ed poder mantener todos los sistemas corriendo sin ning\u00fan problema.<\/p>\n<p>En el momento en que un agente se afilia a nuestro sitio web asignamos a un agente especializado para poder brindar un manejo personalizado a cada agente. Este es un modelo usado por bancos y compa\u00f1\u00edas financieras donde el servicio al cliente es lo primordial. En muchos de los sitios web de pay per head los clientes son solamente un n\u00famero m\u00e1s, donde nada m\u00e1s quieren obtener clientes nuevos y no quieren tener que volver a hablar con usted. No con Ace, nosotros nos especializamos en brindar un servicio profesional y personalizado.<\/p>\n<p><strong>Confianza y discreci\u00f3n.<\/strong><\/p>\n<p>La discreci\u00f3n es una virtud primordial ac\u00e1 en Ace Per Head, Cuando los jugadores llamen a nuestro centro de llamadas necesitaran su n\u00famero de identificaci\u00f3n de jugador y contrase\u00f1a no solicitamos ninguna informaci\u00f3n personal (correos electr\u00f3nicos, nombres completos o numeros de identificacion) Nunca llamaremos a los jugadores o a los agentes sin que haya sido solicitado previamente por el cliente. Una vez afiliado a Ace Per Head no tendr\u00e1 nunca m\u00e1s que preocuparse por la integridad de su paquete.<\/p>\n<p><strong>Tu propio sitio web.<\/strong><\/p>\n<p>Con nuestro site vas a poder elegir de una gran variedad de sitios web los cuales son amigables con dispositivos m\u00f3viles. Pero tambi\u00e9n les brindamos la opci\u00f3n de crear tu propio sitio web, con la imagen que tu quieras, con la direcci\u00f3n web que tu elijas. El cielo es el l\u00edmite, en nuestro grupo de trabajo contamos un desarrolladores web los cuales pueden hacer tu sitio bajos tus necesidades.<\/p>\n<p><strong>Plataforma completamente configurable para l\u00edneas, l\u00edmites y apostadores.<\/strong><\/p>\n<p>Lo que necesites configurar lo podemos hacer, desde l\u00edneas con probabilidades m\u00e1s costosas o menos costosas, podemos configurar l\u00edmites distintos dependiendo del juego o del jugador para as\u00ed poder maximizar todas sus ganancias. Nosotros no adquirimos nuestras l\u00edneas de otras compa\u00f1\u00edas, las hacemos en nuestro casa, lo cual provee al agente exactamente lo que necesita dependiendo de cada caso\/apostador. Dinos que es lo que necesitas y nuestro equipo de profesionales lo har\u00e1 posible. Por eso es que somos los l\u00edderes en la industria.<\/p>\n","protected":false},"excerpt":{"rendered":"<p>Caracter\u00edsticas designadas para crecer su paquete de clientes: Nos aseguramos de ofrecer todas las caracter\u00edsticas necesarias para atraer jugadores y mantenerlos entusiasmados y sigan apostando, sumado a nuestro sistema de rastreo de uso en nuestra base de datos ayudar\u00e1 a mantener siempre un sistema fluido, por ejemplo si un domingo si nuestro rastreador indica que [&hellip;]<\/p>\n","protected":false},"author":1,"featured_media":123,"parent":0,"menu_order":0,"comment_status":"closed","ping_status":"closed","template":"","meta":{"_acf_changed":false,"footnotes":""},"class_list":["post-75","page","type-page","status-publish","has-post-thumbnail","hentry"],"acf":[],"amp_enabled":true,"_links":{"self":[{"href":"https:\/\/aceperhead.mx\/index.php?rest_route=\/wp\/v2\/pages\/75","targetHints":{"allow":["GET"]}}],"collection":[{"href":"https:\/\/aceperhead.mx\/index.php?rest_route=\/wp\/v2\/pages"}],"about":[{"href":"https:\/\/aceperhead.mx\/index.php?rest_route=\/wp\/v2\/types\/page"}],"author":[{"embeddable":true,"href":"https:\/\/aceperhead.mx\/index.php?rest_route=\/wp\/v2\/users\/1"}],"replies":[{"embeddable":true,"href":"https:\/\/aceperhead.mx\/index.php?rest_route=%2Fwp%2Fv2%2Fcomments&post=75"}],"version-history":[{"count":3,"href":"https:\/\/aceperhead.mx\/index.php?rest_route=\/wp\/v2\/pages\/75\/revisions"}],"predecessor-version":[{"id":88,"href":"https:\/\/aceperhead.mx\/index.php?rest_route=\/wp\/v2\/pages\/75\/revisions\/88"}],"wp:featuredmedia":[{"embeddable":true,"href":"https:\/\/aceperhead.mx\/index.php?rest_route=\/wp\/v2\/media\/123"}],"wp:attachment":[{"href":"https:\/\/aceperhead.mx\/index.php?rest_route=%2Fwp%2Fv2%2Fmedia&parent=75"}],"curies":[{"name":"wp","href":"https:\/\/api.w.org\/{rel}","templated":true}]}}