{"id":77,"date":"2018-07-12T02:22:05","date_gmt":"2018-07-12T02:22:05","guid":{"rendered":"https:\/\/aceperhead.mx\/?page_id=77"},"modified":"2018-07-17T18:52:03","modified_gmt":"2018-07-17T18:52:03","slug":"como-pagar-usando-bitcoin","status":"publish","type":"page","link":"https:\/\/aceperhead.mx\/?page_id=77","title":{"rendered":"Como pagar usando Bitcoin?"},"content":{"rendered":"<p>M\u00e1s conocidas como criptomonedas, es una nueva forma de moneda virtual la cual es 100% an\u00f3nima y segura. Una de las formas m\u00e1s convenientes de pago es la m\u00e1s preferida para realizar pagos en la industria del pay per head.<\/p>\n<p>Para poder pagar con Bitcoin debes solicitarnos la m\u00e1s reciente direcci\u00f3n y realizar el envio desde tu billetera electr\u00f3nica, una vez realizada simplemente debes notificarnos cuanto fue el monto de la transacci\u00f3n para nosotros poder verificar en nuestra billetera. As\u00ed de simple y conveniente es utilizar Bitcoin.<\/p>\n<p>Por muchas razones las compa\u00f1\u00edas y los agentes ha cambiado a la criptomoneda.<\/p>\n<p>Conveniencia: Los pagos pueden ser realizados desde cualquier dispositivo conectado a internet y las confirmaciones son pr\u00e1cticamente instant\u00e1neas.<\/p>\n<p>Costos: Los honorarios cobrados son muy bajos en todas las transacciones en contraste con los m\u00e9todos convencionales.<\/p>\n<p>Seguridad: Los protocolos de seguridad utilizados por Bitcoin hace que sea virtualmente imposible que roben su informaci\u00f3n personal para ser utilizada en actividades ilegales.<\/p>\n<p>Anonimato: Tu informaci\u00f3n personal no est\u00e1 asociada con la transacci\u00f3n final haciendo esto posible que la transacci\u00f3n sea completamente an\u00f3nima y no pueda ser rastreado donde se enviaron los fondos.<\/p>\n","protected":false},"excerpt":{"rendered":"<p>M\u00e1s conocidas como criptomonedas, es una nueva forma de moneda virtual la cual es 100% an\u00f3nima y segura. Una de las formas m\u00e1s convenientes de pago es la m\u00e1s preferida para realizar pagos en la industria del pay per head. Para poder pagar con Bitcoin debes solicitarnos la m\u00e1s reciente direcci\u00f3n y realizar el envio [&hellip;]<\/p>\n","protected":false},"author":1,"featured_media":129,"parent":0,"menu_order":0,"comment_status":"closed","ping_status":"closed","template":"","meta":{"_acf_changed":false,"footnotes":""},"class_list":["post-77","page","type-page","status-publish","has-post-thumbnail","hentry"],"acf":[],"amp_enabled":true,"_links":{"self":[{"href":"https:\/\/aceperhead.mx\/index.php?rest_route=\/wp\/v2\/pages\/77","targetHints":{"allow":["GET"]}}],"collection":[{"href":"https:\/\/aceperhead.mx\/index.php?rest_route=\/wp\/v2\/pages"}],"about":[{"href":"https:\/\/aceperhead.mx\/index.php?rest_route=\/wp\/v2\/types\/page"}],"author":[{"embeddable":true,"href":"https:\/\/aceperhead.mx\/index.php?rest_route=\/wp\/v2\/users\/1"}],"replies":[{"embeddable":true,"href":"https:\/\/aceperhead.mx\/index.php?rest_route=%2Fwp%2Fv2%2Fcomments&post=77"}],"version-history":[{"count":1,"href":"https:\/\/aceperhead.mx\/index.php?rest_route=\/wp\/v2\/pages\/77\/revisions"}],"predecessor-version":[{"id":78,"href":"https:\/\/aceperhead.mx\/index.php?rest_route=\/wp\/v2\/pages\/77\/revisions\/78"}],"wp:featuredmedia":[{"embeddable":true,"href":"https:\/\/aceperhead.mx\/index.php?rest_route=\/wp\/v2\/media\/129"}],"wp:attachment":[{"href":"https:\/\/aceperhead.mx\/index.php?rest_route=%2Fwp%2Fv2%2Fmedia&parent=77"}],"curies":[{"name":"wp","href":"https:\/\/api.w.org\/{rel}","templated":true}]}}