{"id":79,"date":"2018-07-12T02:22:36","date_gmt":"2018-07-12T02:22:36","guid":{"rendered":"https:\/\/aceperhead.mx\/?page_id=79"},"modified":"2018-07-17T16:58:45","modified_gmt":"2018-07-17T16:58:45","slug":"como-es-que-bitcoin-es-anonimo","status":"publish","type":"page","link":"https:\/\/aceperhead.mx\/?page_id=79","title":{"rendered":"C\u00f3mo es que Bitcoin es an\u00f3nimo?"},"content":{"rendered":"<p>Existen 3 maneras en las cuales Bitcoin protegen tu privacidad:<\/p>\n<p>Existe un protocolo en el cual las direcciones de Bitcoin no son enlazadas con la informaci\u00f3n personal del usuario. A esto sumado que no existe una entidad que se encargue the asignar las direcciones o rastrear transacciones.<\/p>\n<p>Las transferencias de Bitcoin tampoco son enlazadas con la informaci\u00f3n personal del usuario. Puedes enviar desde cualquier direcci\u00f3n de Bitcoin que tu controles a cualquier direcci\u00f3n que ning\u00fan rastro de su informaci\u00f3n personal quedar\u00e1 salvada en la transacci\u00f3n. Esto es el equivalente a pagar en efectivo, ya que nadie pedir\u00e1 tu informaci\u00f3n personal cuando pagas con efectivo.<\/p>\n<p>La red de Bitcoin transmite de una forma en la cual esconde la direcci\u00f3n Ip de donde se genera la transaccion, asi que no es posible rastrear la ubicaci\u00f3n de donde la transacci\u00f3n fue iniciada.<\/p>\n<p>Si tengo que verificar mi identidad con una casa de cambio en l\u00ednea tal como coinbase.com, c\u00f3mo es que Bitcoin es an\u00f3nimo?<\/p>\n<p>Cuando te registras a un servicio de cambio de criptomonedas tal como coinbase.com ellos requeriran que verifiques tu identidad por medio del env\u00edo de una copia escaneada de tu c\u00e9dula de identidad ya que esto es parte de los protocolos de seguridad.<\/p>\n<p>Sin embargo una vez que ingreses al mercado virtual las transacciones son regidas por los protocolos de Bitcoin y a como mencionamos anteriormente bajo ninguna circunstancia tu informaci\u00f3n personal podr\u00e1 ser enlazada con una direcci\u00f3n o una transacci\u00f3n a trav\u00e9s de bitcoin.<\/p>\n<p>Ace Per Head toma medidas adicionales para proteger tu privacidad, siempre utilizaremos una direcci\u00f3n por transacci\u00f3n y las direcciones usadas se descartan as\u00ed que por este medio evitamos que ning\u00fan ente pueda rastrear o ligar la direcci\u00f3n usada con tu billetera o la nuestra. De esta forma haciendo virtualmente imposible ligar el pago a un sitio per head.<\/p>\n","protected":false},"excerpt":{"rendered":"<p>Existen 3 maneras en las cuales Bitcoin protegen tu privacidad: Existe un protocolo en el cual las direcciones de Bitcoin no son enlazadas con la informaci\u00f3n personal del usuario. A esto sumado que no existe una entidad que se encargue the asignar las direcciones o rastrear transacciones. Las transferencias de Bitcoin tampoco son enlazadas con [&hellip;]<\/p>\n","protected":false},"author":1,"featured_media":117,"parent":0,"menu_order":0,"comment_status":"closed","ping_status":"closed","template":"","meta":{"_acf_changed":false,"footnotes":""},"class_list":["post-79","page","type-page","status-publish","has-post-thumbnail","hentry"],"acf":[],"amp_enabled":true,"_links":{"self":[{"href":"https:\/\/aceperhead.mx\/index.php?rest_route=\/wp\/v2\/pages\/79","targetHints":{"allow":["GET"]}}],"collection":[{"href":"https:\/\/aceperhead.mx\/index.php?rest_route=\/wp\/v2\/pages"}],"about":[{"href":"https:\/\/aceperhead.mx\/index.php?rest_route=\/wp\/v2\/types\/page"}],"author":[{"embeddable":true,"href":"https:\/\/aceperhead.mx\/index.php?rest_route=\/wp\/v2\/users\/1"}],"replies":[{"embeddable":true,"href":"https:\/\/aceperhead.mx\/index.php?rest_route=%2Fwp%2Fv2%2Fcomments&post=79"}],"version-history":[{"count":2,"href":"https:\/\/aceperhead.mx\/index.php?rest_route=\/wp\/v2\/pages\/79\/revisions"}],"predecessor-version":[{"id":118,"href":"https:\/\/aceperhead.mx\/index.php?rest_route=\/wp\/v2\/pages\/79\/revisions\/118"}],"wp:featuredmedia":[{"embeddable":true,"href":"https:\/\/aceperhead.mx\/index.php?rest_route=\/wp\/v2\/media\/117"}],"wp:attachment":[{"href":"https:\/\/aceperhead.mx\/index.php?rest_route=%2Fwp%2Fv2%2Fmedia&parent=79"}],"curies":[{"name":"wp","href":"https:\/\/api.w.org\/{rel}","templated":true}]}}